{"id":567,"date":"2024-04-17T07:26:02","date_gmt":"2024-04-17T07:26:02","guid":{"rendered":"https:\/\/quizzical-stonebraker.92-205-184-81.plesk.page\/?page_id=567"},"modified":"2026-02-19T12:51:33","modified_gmt":"2026-02-19T12:51:33","slug":"impressum","status":"publish","type":"page","link":"https:\/\/regenbogen-werbedruck.at\/index.php\/impressum\/","title":{"rendered":"Impressum"},"content":{"rendered":"\t\t<div data-elementor-type=\"wp-page\" data-elementor-id=\"567\" class=\"elementor elementor-567\" data-elementor-post-type=\"page\">\n\t\t\t\t<header class=\"elementor-element elementor-element-ce06d25 clearHeader e-flex e-con-boxed e-con e-parent\" data-id=\"ce06d25\" data-element_type=\"container\" data-e-type=\"container\" data-settings=\"{&quot;background_background&quot;:&quot;classic&quot;}\">\n\t\t\t\t\t<div class=\"e-con-inner\">\n\t\t<div class=\"elementor-element elementor-element-813460e e-con-full e-flex elementor-invisible e-con e-child\" data-id=\"813460e\" data-element_type=\"container\" data-e-type=\"container\" data-settings=\"{&quot;motion_fx_motion_fx_scrolling&quot;:&quot;yes&quot;,&quot;animation&quot;:&quot;fadeInDown&quot;,&quot;motion_fx_devices&quot;:[&quot;desktop&quot;,&quot;tablet&quot;,&quot;mobile&quot;]}\">\n\t\t\t\t<div class=\"elementor-element elementor-element-d1b9353 logo elementor-widget elementor-widget-image\" data-id=\"d1b9353\" data-element_type=\"widget\" data-e-type=\"widget\" data-widget_type=\"image.default\">\n\t\t\t\t<div class=\"elementor-widget-container\">\n\t\t\t\t\t\t\t\t\t\t\t\t\t\t\t\t<a href=\"https:\/\/regenbogen-werbedruck.at\/\">\n\t\t\t\t\t\t\t<img fetchpriority=\"high\" decoding=\"async\" width=\"800\" height=\"204\" src=\"https:\/\/regenbogen-werbedruck.at\/wp-content\/uploads\/2024\/08\/V_Logo_REGENBOGEN_Werbedruck_a_4c_weiss-1024x261.png\" class=\"attachment-large size-large wp-image-3156\" alt=\"\" srcset=\"https:\/\/regenbogen-werbedruck.at\/wp-content\/uploads\/2024\/08\/V_Logo_REGENBOGEN_Werbedruck_a_4c_weiss-1024x261.png 1024w, https:\/\/regenbogen-werbedruck.at\/wp-content\/uploads\/2024\/08\/V_Logo_REGENBOGEN_Werbedruck_a_4c_weiss-300x77.png 300w, https:\/\/regenbogen-werbedruck.at\/wp-content\/uploads\/2024\/08\/V_Logo_REGENBOGEN_Werbedruck_a_4c_weiss-768x196.png 768w, https:\/\/regenbogen-werbedruck.at\/wp-content\/uploads\/2024\/08\/V_Logo_REGENBOGEN_Werbedruck_a_4c_weiss-1536x392.png 1536w, https:\/\/regenbogen-werbedruck.at\/wp-content\/uploads\/2024\/08\/V_Logo_REGENBOGEN_Werbedruck_a_4c_weiss-2048x522.png 2048w\" sizes=\"(max-width: 800px) 100vw, 800px\" \/>\t\t\t\t\t\t\t\t<\/a>\n\t\t\t\t\t\t\t\t\t\t\t\t\t\t\t<\/div>\n\t\t\t\t<\/div>\n\t\t\t\t<\/div>\n\t\t<div class=\"elementor-element elementor-element-4d773a3 e-con-full e-flex elementor-invisible e-con e-child\" data-id=\"4d773a3\" data-element_type=\"container\" data-e-type=\"container\" data-settings=\"{&quot;motion_fx_motion_fx_scrolling&quot;:&quot;yes&quot;,&quot;animation&quot;:&quot;fadeInDown&quot;,&quot;motion_fx_devices&quot;:[&quot;desktop&quot;,&quot;tablet&quot;,&quot;mobile&quot;]}\">\n\t\t\t\t<div class=\"elementor-element elementor-element-01171d3 elementor-nav-menu--stretch elementor-hidden-tablet elementor-hidden-mobile elementor-nav-menu--dropdown-tablet elementor-nav-menu__text-align-aside elementor-nav-menu--toggle elementor-nav-menu--burger elementor-widget elementor-widget-nav-menu\" data-id=\"01171d3\" data-element_type=\"widget\" data-e-type=\"widget\" data-settings=\"{&quot;submenu_icon&quot;:{&quot;value&quot;:&quot;&lt;i class=\\&quot;fas fa-angle-down\\&quot; aria-hidden=\\&quot;true\\&quot;&gt;&lt;\\\/i&gt;&quot;,&quot;library&quot;:&quot;fa-solid&quot;},&quot;full_width&quot;:&quot;stretch&quot;,&quot;toggle_icon_hover_animation&quot;:&quot;grow&quot;,&quot;layout&quot;:&quot;horizontal&quot;,&quot;toggle&quot;:&quot;burger&quot;}\" data-widget_type=\"nav-menu.default\">\n\t\t\t\t<div class=\"elementor-widget-container\">\n\t\t\t\t\t\t\t\t<nav aria-label=\"Men\u00fc\" class=\"elementor-nav-menu--main elementor-nav-menu__container elementor-nav-menu--layout-horizontal e--pointer-text e--animation-grow\">\n\t\t\t\t<ul id=\"menu-1-01171d3\" class=\"elementor-nav-menu\"><li class=\"menu-item menu-item-type-post_type menu-item-object-page menu-item-home menu-item-541\"><a href=\"https:\/\/regenbogen-werbedruck.at\/\" class=\"elementor-item\">Home<\/a><\/li>\n<li class=\"menu-item menu-item-type-custom menu-item-object-custom menu-item-home menu-item-1358\"><a href=\"https:\/\/regenbogen-werbedruck.at\/#unsereprodukte\" class=\"elementor-item elementor-item-anchor\">Produkte<\/a><\/li>\n<li class=\"menu-item menu-item-type-custom menu-item-object-custom menu-item-home menu-item-705\"><a href=\"https:\/\/regenbogen-werbedruck.at\/#\u00fcberuns\" class=\"elementor-item elementor-item-anchor\">\u00dcber uns<\/a><\/li>\n<li class=\"menu-item menu-item-type-post_type menu-item-object-page menu-item-579\"><a href=\"https:\/\/regenbogen-werbedruck.at\/index.php\/kontakt\/\" class=\"elementor-item\">Kontakt<\/a><\/li>\n<\/ul>\t\t\t<\/nav>\n\t\t\t\t\t<div class=\"elementor-menu-toggle\" role=\"button\" tabindex=\"0\" aria-label=\"Menu Toggle\" aria-expanded=\"false\">\n\t\t\t<i aria-hidden=\"true\" role=\"presentation\" class=\"elementor-menu-toggle__icon--open elementor-animation-grow eicon-menu-bar\"><\/i><i aria-hidden=\"true\" role=\"presentation\" class=\"elementor-menu-toggle__icon--close elementor-animation-grow eicon-close\"><\/i>\t\t<\/div>\n\t\t\t\t\t<nav class=\"elementor-nav-menu--dropdown elementor-nav-menu__container\" aria-hidden=\"true\">\n\t\t\t\t<ul id=\"menu-2-01171d3\" class=\"elementor-nav-menu\"><li class=\"menu-item menu-item-type-post_type menu-item-object-page menu-item-home menu-item-541\"><a href=\"https:\/\/regenbogen-werbedruck.at\/\" class=\"elementor-item\" tabindex=\"-1\">Home<\/a><\/li>\n<li class=\"menu-item menu-item-type-custom menu-item-object-custom menu-item-home menu-item-1358\"><a href=\"https:\/\/regenbogen-werbedruck.at\/#unsereprodukte\" class=\"elementor-item elementor-item-anchor\" tabindex=\"-1\">Produkte<\/a><\/li>\n<li class=\"menu-item menu-item-type-custom menu-item-object-custom menu-item-home menu-item-705\"><a href=\"https:\/\/regenbogen-werbedruck.at\/#\u00fcberuns\" class=\"elementor-item elementor-item-anchor\" tabindex=\"-1\">\u00dcber uns<\/a><\/li>\n<li class=\"menu-item menu-item-type-post_type menu-item-object-page menu-item-579\"><a href=\"https:\/\/regenbogen-werbedruck.at\/index.php\/kontakt\/\" class=\"elementor-item\" tabindex=\"-1\">Kontakt<\/a><\/li>\n<\/ul>\t\t\t<\/nav>\n\t\t\t\t\t\t<\/div>\n\t\t\t\t<\/div>\n\t\t\t\t<div class=\"elementor-element elementor-element-df14fe6 elementor-nav-menu--stretch elementor-hidden-desktop elementor-nav-menu__text-align-aside elementor-nav-menu--toggle elementor-nav-menu--burger elementor-widget elementor-widget-nav-menu\" data-id=\"df14fe6\" data-element_type=\"widget\" data-e-type=\"widget\" data-settings=\"{&quot;layout&quot;:&quot;dropdown&quot;,&quot;full_width&quot;:&quot;stretch&quot;,&quot;submenu_icon&quot;:{&quot;value&quot;:&quot;&lt;i class=\\&quot;fas fa-caret-down\\&quot; aria-hidden=\\&quot;true\\&quot;&gt;&lt;\\\/i&gt;&quot;,&quot;library&quot;:&quot;fa-solid&quot;},&quot;toggle&quot;:&quot;burger&quot;}\" data-widget_type=\"nav-menu.default\">\n\t\t\t\t<div class=\"elementor-widget-container\">\n\t\t\t\t\t\t\t<div class=\"elementor-menu-toggle\" role=\"button\" tabindex=\"0\" aria-label=\"Menu Toggle\" aria-expanded=\"false\">\n\t\t\t<i aria-hidden=\"true\" role=\"presentation\" class=\"elementor-menu-toggle__icon--open eicon-menu-bar\"><\/i><i aria-hidden=\"true\" role=\"presentation\" class=\"elementor-menu-toggle__icon--close eicon-close\"><\/i>\t\t<\/div>\n\t\t\t\t\t<nav class=\"elementor-nav-menu--dropdown elementor-nav-menu__container\" aria-hidden=\"true\">\n\t\t\t\t<ul id=\"menu-2-df14fe6\" class=\"elementor-nav-menu\"><li class=\"menu-item menu-item-type-post_type menu-item-object-page menu-item-home menu-item-3507\"><a href=\"https:\/\/regenbogen-werbedruck.at\/\" class=\"elementor-item\" tabindex=\"-1\">Home<\/a><\/li>\n<li class=\"menu-item menu-item-type-custom menu-item-object-custom menu-item-home menu-item-3508\"><a href=\"https:\/\/regenbogen-werbedruck.at\/#unsereprodukte\" class=\"elementor-item elementor-item-anchor\" tabindex=\"-1\">Produkte<\/a><\/li>\n<li class=\"menu-item menu-item-type-custom menu-item-object-custom menu-item-home menu-item-3509\"><a href=\"https:\/\/regenbogen-werbedruck.at\/#%C3%BCberuns\" class=\"elementor-item elementor-item-anchor\" tabindex=\"-1\">\u00dcber uns<\/a><\/li>\n<li class=\"menu-item menu-item-type-post_type menu-item-object-page menu-item-3511\"><a href=\"https:\/\/regenbogen-werbedruck.at\/index.php\/kontakt\/\" class=\"elementor-item\" tabindex=\"-1\">Kontakt<\/a><\/li>\n<\/ul>\t\t\t<\/nav>\n\t\t\t\t\t\t<\/div>\n\t\t\t\t<\/div>\n\t\t\t\t<\/div>\n\t\t\t\t\t<\/div>\n\t\t\t\t<\/header>\n\t\t<div class=\"elementor-element elementor-element-162b2eb e-con-full e-flex e-con e-parent\" data-id=\"162b2eb\" data-element_type=\"container\" data-e-type=\"container\">\n\t\t\t\t<div class=\"elementor-element elementor-element-7de572d elementor-widget__width-initial elementor-widget elementor-widget-image\" data-id=\"7de572d\" data-element_type=\"widget\" data-e-type=\"widget\" data-widget_type=\"image.default\">\n\t\t\t\t<div class=\"elementor-widget-container\">\n\t\t\t\t\t\t\t\t\t\t\t\t\t\t\t<img decoding=\"async\" src=\"https:\/\/regenbogen-werbedruck.at\/wp-content\/uploads\/elementor\/thumbs\/banner_A01-scaled-e1719405292565-qq8866blbd6uqqjt7qau6c4lc1cjofr3dktojryqw0.jpg\" title=\"banner_A01\" alt=\"banner_A01\" loading=\"lazy\" \/>\t\t\t\t\t\t\t\t\t\t\t\t\t\t\t<\/div>\n\t\t\t\t<\/div>\n\t\t\t\t<\/div>\n\t\t<div class=\"elementor-element elementor-element-7690782 e-flex e-con-boxed e-con e-parent\" data-id=\"7690782\" data-element_type=\"container\" data-e-type=\"container\">\n\t\t\t\t\t<div class=\"e-con-inner\">\n\t\t\t\t<div class=\"elementor-element elementor-element-ae67228 elementor-widget elementor-widget-html\" data-id=\"ae67228\" data-element_type=\"widget\" data-e-type=\"widget\" data-widget_type=\"html.default\">\n\t\t\t\t<div class=\"elementor-widget-container\">\n\t\t\t\t\t\r\n<style>\r\n\r\n#top{\r\n   loading=\"lazy\"; \r\n\r\n}\r\n\r\nhtml, body {\r\n    max-width: 100%;\r\n    overflow-x: hidden;\r\n}\r\n\r\n.stickyHeader{\r\n   background-color: #31ADF5CC\r\n   !important;\r\n    position: fixed;\r\n    width: 100%;\r\n    top: 0;\r\n    transition: all 0.3s ease-in-out;\r\n}\r\n\r\n#kontaktbutton:hover {\r\n    cursor:pointer;\r\n}\r\n\r\n#kastenbunt:hover {\r\n    cursor:pointer;\r\n}\r\n\r\n#menuleiste:hover {\r\n    cursor:pointer;\r\n}\r\n\r\n\r\nhtml {\r\n  scroll-behavior: smooth;\r\n}\r\n\r\n@media (prefers-reduced-motion: reduce) {\r\n  html{\r\n    scroll-behavior: auto;\r\n  }\r\n}\r\n\r\n*[id] {\r\n    scroll-margin-top: 50px\r\n} \r\n\r\n\r\n\r\n<\/style>\r\n\r\n<script src=\"https:\/\/cdnjs.cloudflare.com\/ajax\/libs\/jquery\/1.8.3\/jquery.min.js\"><\/script>\r\n\r\n<script>\r\n$(function() {\r\n    \/\/caches a jQuery object containing the header element\r\n    var header = $(\".clearHeader\");\r\n    $(window).scroll(function() {\r\n        var scroll = $(window).scrollTop();\r\n\r\n        if (scroll >= 100) {\r\n            header.removeClass('clearHeader').addClass(\"stickyHeader\");\r\n        } else {\r\n            header.removeClass(\"stickyHeader\").addClass('clearHeader');\r\n        }\r\n    });\r\n});\r\n<\/script>\t\t\t\t<\/div>\n\t\t\t\t<\/div>\n\t\t\t\t\t<\/div>\n\t\t\t\t<\/div>\n\t\t<div class=\"elementor-element elementor-element-d4c5ce2 e-flex e-con-boxed e-con e-parent\" data-id=\"d4c5ce2\" data-element_type=\"container\" data-e-type=\"container\">\n\t\t\t\t\t<div class=\"e-con-inner\">\n\t\t\t\t<div class=\"elementor-element elementor-element-f090bd4 elementor-widget elementor-widget-spacer\" data-id=\"f090bd4\" data-element_type=\"widget\" data-e-type=\"widget\" data-widget_type=\"spacer.default\">\n\t\t\t\t<div class=\"elementor-widget-container\">\n\t\t\t\t\t\t\t<div class=\"elementor-spacer\">\n\t\t\t<div class=\"elementor-spacer-inner\"><\/div>\n\t\t<\/div>\n\t\t\t\t\t\t<\/div>\n\t\t\t\t<\/div>\n\t\t\t\t\t<\/div>\n\t\t\t\t<\/div>\n\t\t<div class=\"elementor-element elementor-element-f16db27 e-flex e-con-boxed e-con e-parent\" data-id=\"f16db27\" data-element_type=\"container\" data-e-type=\"container\">\n\t\t\t\t\t<div class=\"e-con-inner\">\n\t\t\t\t<div class=\"elementor-element elementor-element-d04ecf8 elementor-widget elementor-widget-heading\" data-id=\"d04ecf8\" data-element_type=\"widget\" data-e-type=\"widget\" data-widget_type=\"heading.default\">\n\t\t\t\t<div class=\"elementor-widget-container\">\n\t\t\t\t\t<h2 class=\"elementor-heading-title elementor-size-default\">Impressum<\/h2>\t\t\t\t<\/div>\n\t\t\t\t<\/div>\n\t\t\t\t<div class=\"elementor-element elementor-element-062938b elementor-widget elementor-widget-spacer\" data-id=\"062938b\" data-element_type=\"widget\" data-e-type=\"widget\" data-widget_type=\"spacer.default\">\n\t\t\t\t<div class=\"elementor-widget-container\">\n\t\t\t\t\t\t\t<div class=\"elementor-spacer\">\n\t\t\t<div class=\"elementor-spacer-inner\"><\/div>\n\t\t<\/div>\n\t\t\t\t\t\t<\/div>\n\t\t\t\t<\/div>\n\t\t\t\t<div class=\"elementor-element elementor-element-475e8ec elementor-widget-tablet__width-initial elementor-widget-mobile__width-initial elementor-widget elementor-widget-text-editor\" data-id=\"475e8ec\" data-element_type=\"widget\" data-e-type=\"widget\" data-widget_type=\"text-editor.default\">\n\t\t\t\t<div class=\"elementor-widget-container\">\n\t\t\t\t\t\t\t\t\t<p>Regenbogen Werbedruck GmbH &amp; Co KG<br>Laimergrube 5<br>2100 Korneuburg<\/p>\n<p>Telefon: 0 22 62 &#8211; 6 60 86<br>Telefax: 0 22 62 &#8211; 6 30 08<br><a href=\"mailto:mail@regenbogen-werbedruck.at\">mail@regenbogen-werbedruck.at<\/a><br><a href=\"http:\/\/www.regenbogen-werbedruck.at\">www.regenbogen-werbedruck.at<\/a><\/p>\n<p>Gesch\u00e4ftsf\u00fchrer: Stefan Pohl<br>Sitz: Korneuburg<br>Handelsregister: FN 284075h<br>Amtsgericht: Korneuburg<br>USt-IdNr.: ATU62974259<br><span style=\"text-align: var(--text-align); font-size: 1rem;\"><br>Aufsichtsbeh\u00f6rde: Bezirkshauptmannschaft Korneuburg<br><\/span><span style=\"text-align: var(--text-align); font-size: 1rem;\">Kammer: Nieder\u00f6sterreich<\/span><\/p>\n<p>Bildnachweis: \u00a9freepik; \u00a9shutterstock<\/p>\t\t\t\t\t\t\t\t<\/div>\n\t\t\t\t<\/div>\n\t\t\t\t\t<\/div>\n\t\t\t\t<\/div>\n\t\t<div class=\"elementor-element elementor-element-3850fca e-flex e-con-boxed e-con e-parent\" data-id=\"3850fca\" data-element_type=\"container\" data-e-type=\"container\">\n\t\t\t\t\t<div class=\"e-con-inner\">\n\t\t\t\t<div class=\"elementor-element elementor-element-e0ee110 elementor-widget elementor-widget-spacer\" data-id=\"e0ee110\" data-element_type=\"widget\" data-e-type=\"widget\" data-widget_type=\"spacer.default\">\n\t\t\t\t<div class=\"elementor-widget-container\">\n\t\t\t\t\t\t\t<div class=\"elementor-spacer\">\n\t\t\t<div class=\"elementor-spacer-inner\"><\/div>\n\t\t<\/div>\n\t\t\t\t\t\t<\/div>\n\t\t\t\t<\/div>\n\t\t\t\t\t<\/div>\n\t\t\t\t<\/div>\n\t\t<div class=\"elementor-element elementor-element-40124d7 e-flex e-con-boxed e-con e-parent\" data-id=\"40124d7\" data-element_type=\"container\" data-e-type=\"container\" data-settings=\"{&quot;background_background&quot;:&quot;classic&quot;}\">\n\t\t\t\t\t<div class=\"e-con-inner\">\n\t\t\t\t\t<\/div>\n\t\t\t\t<\/div>\n\t\t<div class=\"elementor-element elementor-element-95a645e e-flex e-con-boxed e-con e-parent\" data-id=\"95a645e\" data-element_type=\"container\" data-e-type=\"container\">\n\t\t\t\t\t<div class=\"e-con-inner\">\n\t\t\t\t<div class=\"elementor-element elementor-element-02c0a67 elementor-widget elementor-widget-html\" data-id=\"02c0a67\" data-element_type=\"widget\" data-e-type=\"widget\" data-widget_type=\"html.default\">\n\t\t\t\t<div class=\"elementor-widget-container\">\n\t\t\t\t\t<style>\n    #datenschutz:hover{\n        color:blue;\n    }\n    \n    \n    \n<\/style>\t\t\t\t<\/div>\n\t\t\t\t<\/div>\n\t\t\t\t\t<\/div>\n\t\t\t\t<\/div>\n\t\t<div class=\"elementor-element elementor-element-36eab25 e-flex e-con-boxed e-con e-parent\" data-id=\"36eab25\" data-element_type=\"container\" data-e-type=\"container\">\n\t\t\t\t\t<div class=\"e-con-inner\">\n\t\t<div class=\"elementor-element elementor-element-2d6aab2 e-con-full elementor-hidden-desktop elementor-hidden-tablet elementor-hidden-mobile e-flex e-con e-child\" data-id=\"2d6aab2\" data-element_type=\"container\" data-e-type=\"container\">\n\t\t\t\t<div class=\"elementor-element elementor-element-84c8d13 elementor-widget elementor-widget-heading\" data-id=\"84c8d13\" data-element_type=\"widget\" data-e-type=\"widget\" data-widget_type=\"heading.default\">\n\t\t\t\t<div class=\"elementor-widget-container\">\n\t\t\t\t\t<h2 class=\"elementor-heading-title elementor-size-default\">Kontakt<\/h2>\t\t\t\t<\/div>\n\t\t\t\t<\/div>\n\t\t\t\t<div class=\"elementor-element elementor-element-1e84cd6 elementor-widget elementor-widget-text-editor\" data-id=\"1e84cd6\" data-element_type=\"widget\" data-e-type=\"widget\" data-widget_type=\"text-editor.default\">\n\t\t\t\t<div class=\"elementor-widget-container\">\n\t\t\t\t\t\t\t\t\t<p>Regenbogen Werbedruck GmbH &amp; Co KG<br \/>Laimergrube 5<br \/>2100 Korneuburg<\/p><p>Telefon: 0 22 62 &#8211; 6 60 86<br \/>Telefax: 0 22 62 &#8211; 6 30 08<br \/>mail@regenbogen-werbedruck.at<\/p><p>\u00a0<\/p>\t\t\t\t\t\t\t\t<\/div>\n\t\t\t\t<\/div>\n\t\t\t\t<\/div>\n\t\t\t\t<div class=\"elementor-element elementor-element-dc3af28 elementor-widget elementor-widget-spacer\" data-id=\"dc3af28\" data-element_type=\"widget\" data-e-type=\"widget\" data-widget_type=\"spacer.default\">\n\t\t\t\t<div class=\"elementor-widget-container\">\n\t\t\t\t\t\t\t<div class=\"elementor-spacer\">\n\t\t\t<div class=\"elementor-spacer-inner\"><\/div>\n\t\t<\/div>\n\t\t\t\t\t\t<\/div>\n\t\t\t\t<\/div>\n\t\t<div class=\"elementor-element elementor-element-c4ef620 e-con-full e-transform elementor-hidden-desktop elementor-hidden-mobile e-flex e-con e-child\" data-id=\"c4ef620\" data-element_type=\"container\" data-e-type=\"container\" data-settings=\"{&quot;_transform_translateX_effect_tablet&quot;:{&quot;unit&quot;:&quot;px&quot;,&quot;size&quot;:0,&quot;sizes&quot;:[]},&quot;_transform_translateX_effect&quot;:{&quot;unit&quot;:&quot;px&quot;,&quot;size&quot;:&quot;&quot;,&quot;sizes&quot;:[]},&quot;_transform_translateX_effect_mobile&quot;:{&quot;unit&quot;:&quot;px&quot;,&quot;size&quot;:&quot;&quot;,&quot;sizes&quot;:[]},&quot;_transform_translateY_effect&quot;:{&quot;unit&quot;:&quot;px&quot;,&quot;size&quot;:&quot;&quot;,&quot;sizes&quot;:[]},&quot;_transform_translateY_effect_tablet&quot;:{&quot;unit&quot;:&quot;px&quot;,&quot;size&quot;:&quot;&quot;,&quot;sizes&quot;:[]},&quot;_transform_translateY_effect_mobile&quot;:{&quot;unit&quot;:&quot;px&quot;,&quot;size&quot;:&quot;&quot;,&quot;sizes&quot;:[]}}\">\n\t\t\t\t<div class=\"elementor-element elementor-element-9f5e590 impressum elementor-widget elementor-widget-heading\" data-id=\"9f5e590\" data-element_type=\"widget\" data-e-type=\"widget\" data-widget_type=\"heading.default\">\n\t\t\t\t<div class=\"elementor-widget-container\">\n\t\t\t\t\t<h2 class=\"elementor-heading-title elementor-size-default\"><a href=\"https:\/\/regenbogen-werbedruck.at\/index.php\/impressum\/\">Impressum<\/a><\/h2>\t\t\t\t<\/div>\n\t\t\t\t<\/div>\n\t\t\t\t<div class=\"elementor-element elementor-element-81509bb elementor-widget elementor-widget-heading\" data-id=\"81509bb\" data-element_type=\"widget\" data-e-type=\"widget\" data-widget_type=\"heading.default\">\n\t\t\t\t<div class=\"elementor-widget-container\">\n\t\t\t\t\t<h2 class=\"elementor-heading-title elementor-size-default\"><a href=\"https:\/\/regenbogen-werbedruck.at\/index.php\/datenschutz\/\">Datenschutz<\/a><\/h2>\t\t\t\t<\/div>\n\t\t\t\t<\/div>\n\t\t\t\t<\/div>\n\t\t<div class=\"elementor-element elementor-element-99ad710 e-con-full e-transform e-flex e-con e-child\" data-id=\"99ad710\" data-element_type=\"container\" data-e-type=\"container\" data-settings=\"{&quot;_transform_translateX_effect_tablet&quot;:{&quot;unit&quot;:&quot;px&quot;,&quot;size&quot;:-352,&quot;sizes&quot;:[]},&quot;_transform_translateX_effect_mobile&quot;:{&quot;unit&quot;:&quot;px&quot;,&quot;size&quot;:8,&quot;sizes&quot;:[]},&quot;_transform_translateX_effect&quot;:{&quot;unit&quot;:&quot;px&quot;,&quot;size&quot;:-254,&quot;sizes&quot;:[]},&quot;_transform_translateY_effect&quot;:{&quot;unit&quot;:&quot;px&quot;,&quot;size&quot;:&quot;&quot;,&quot;sizes&quot;:[]},&quot;_transform_translateY_effect_tablet&quot;:{&quot;unit&quot;:&quot;px&quot;,&quot;size&quot;:&quot;&quot;,&quot;sizes&quot;:[]},&quot;_transform_translateY_effect_mobile&quot;:{&quot;unit&quot;:&quot;px&quot;,&quot;size&quot;:&quot;&quot;,&quot;sizes&quot;:[]}}\">\n\t\t\t\t<div class=\"elementor-element elementor-element-d74bc19 impressum elementor-widget elementor-widget-heading\" data-id=\"d74bc19\" data-element_type=\"widget\" data-e-type=\"widget\" data-widget_type=\"heading.default\">\n\t\t\t\t<div class=\"elementor-widget-container\">\n\t\t\t\t\t<h2 class=\"elementor-heading-title elementor-size-default\"><a href=\"https:\/\/regenbogen-werbedruck.at\/index.php\/impressum\/\">Impressum<\/a><\/h2>\t\t\t\t<\/div>\n\t\t\t\t<\/div>\n\t\t\t\t<div class=\"elementor-element elementor-element-9de441a elementor-widget elementor-widget-heading\" data-id=\"9de441a\" data-element_type=\"widget\" data-e-type=\"widget\" data-widget_type=\"heading.default\">\n\t\t\t\t<div class=\"elementor-widget-container\">\n\t\t\t\t\t<h2 class=\"elementor-heading-title elementor-size-default\"><a href=\"https:\/\/regenbogen-werbedruck.at\/index.php\/datenschutz\/\">Datenschutz<\/a><\/h2>\t\t\t\t<\/div>\n\t\t\t\t<\/div>\n\t\t\t\t<\/div>\n\t\t\t\t\t<\/div>\n\t\t\t\t<\/div>\n\t\t\t\t<\/div>\n\t\t","protected":false},"excerpt":{"rendered":"<p>Impressum Regenbogen Werbedruck GmbH &amp; Co KGLaimergrube 52100 Korneuburg Telefon: 0 22 62 &#8211; 6 60 86Telefax: 0 22 62 &#8211; 6 30 08mail@regenbogen-werbedruck.atwww.regenbogen-werbedruck.at Gesch\u00e4ftsf\u00fchrer: Stefan PohlSitz: KorneuburgHandelsregister: FN 284075hAmtsgericht: KorneuburgUSt-IdNr.: ATU62974259 Aufsichtsbeh\u00f6rde: Bezirkshauptmannschaft KorneuburgKammer: Nieder\u00f6sterreich Bildnachweis: \u00a9freepik; \u00a9shutterstock Kontakt Regenbogen Werbedruck GmbH &amp; Co KGLaimergrube 52100 Korneuburg Telefon: 0 22 62 &#8211; 6 60 [&hellip;]<\/p>\n","protected":false},"author":1,"featured_media":0,"parent":0,"menu_order":0,"comment_status":"closed","ping_status":"closed","template":"elementor_canvas","meta":{"footnotes":""},"class_list":["post-567","page","type-page","status-publish","hentry"],"_links":{"self":[{"href":"https:\/\/regenbogen-werbedruck.at\/index.php\/wp-json\/wp\/v2\/pages\/567","targetHints":{"allow":["GET"]}}],"collection":[{"href":"https:\/\/regenbogen-werbedruck.at\/index.php\/wp-json\/wp\/v2\/pages"}],"about":[{"href":"https:\/\/regenbogen-werbedruck.at\/index.php\/wp-json\/wp\/v2\/types\/page"}],"author":[{"embeddable":true,"href":"https:\/\/regenbogen-werbedruck.at\/index.php\/wp-json\/wp\/v2\/users\/1"}],"replies":[{"embeddable":true,"href":"https:\/\/regenbogen-werbedruck.at\/index.php\/wp-json\/wp\/v2\/comments?post=567"}],"version-history":[{"count":12,"href":"https:\/\/regenbogen-werbedruck.at\/index.php\/wp-json\/wp\/v2\/pages\/567\/revisions"}],"predecessor-version":[{"id":3571,"href":"https:\/\/regenbogen-werbedruck.at\/index.php\/wp-json\/wp\/v2\/pages\/567\/revisions\/3571"}],"wp:attachment":[{"href":"https:\/\/regenbogen-werbedruck.at\/index.php\/wp-json\/wp\/v2\/media?parent=567"}],"curies":[{"name":"wp","href":"https:\/\/api.w.org\/{rel}","templated":true}]}}